{"id":389,"date":"2025-11-07T13:44:51","date_gmt":"2025-11-07T13:44:51","guid":{"rendered":"https:\/\/glenlochy.co\/?page_id=389"},"modified":"2025-11-21T13:20:55","modified_gmt":"2025-11-21T13:20:55","slug":"handwerkskunst","status":"publish","type":"page","link":"https:\/\/glenlochy.co\/?page_id=389&lang=de","title":{"rendered":"Handwerkskunst"},"content":{"rendered":"<p>[et_pb_section fb_built=&#8221;1&#8243; custom_padding_last_edited=&#8221;on|tablet&#8221; _builder_version=&#8221;4.27.4&#8243; _module_preset=&#8221;default&#8221; background_enable_color=&#8221;off&#8221; background_image=&#8221;https:\/\/glenlochy.co\/wp-content\/uploads\/2025\/11\/ZURICH-1.svg&#8221; max_width=&#8221;100%&#8221; height_tablet=&#8221;&#8221; height_phone=&#8221;&#8221; height_last_edited=&#8221;on|phone&#8221; custom_padding=&#8221;23.6%||23.6%||true|false&#8221; custom_padding_tablet=&#8221;26%||||false|false&#8221; custom_padding_phone=&#8221;14%||14%||true|false&#8221; global_colors_info=&#8221;{}&#8221;][et_pb_row use_custom_gutter=&#8221;on&#8221; gutter_width=&#8221;2&#8243; make_equal=&#8221;on&#8221; _builder_version=&#8221;4.27.4&#8243; _module_preset=&#8221;default&#8221; width=&#8221;90%&#8221; max_width=&#8221;100%&#8221; global_colors_info=&#8221;{}&#8221;][et_pb_column type=&#8221;4_4&#8243; _builder_version=&#8221;4.27.4&#8243; _module_preset=&#8221;default&#8221; global_colors_info=&#8221;{}&#8221;][et_pb_text _builder_version=&#8221;4.27.4&#8243; _module_preset=&#8221;default&#8221; text_font_size=&#8221;51px&#8221; text_line_height=&#8221;1.4em&#8221; header_font_size=&#8221;85px&#8221; custom_padding=&#8221;|34%|||false|false&#8221; custom_padding_tablet=&#8221;|228px|||false|false&#8221; custom_padding_phone=&#8221;|118px||0px|false|false&#8221; custom_padding_last_edited=&#8221;on|phone&#8221; text_font_size_tablet=&#8221;21px&#8221; text_font_size_phone=&#8221;14px&#8221; text_font_size_last_edited=&#8221;on|phone&#8221; header_font_size_tablet=&#8221;59px&#8221; header_font_size_phone=&#8221;25px&#8221; header_font_size_last_edited=&#8221;on|desktop&#8221; global_colors_info=&#8221;{}&#8221; hover_enabled=&#8221;0&#8243; sticky_enabled=&#8221;0&#8243;]<\/p>\n<h1><span style=\"color: #ffffff;\">Handwerkskunst<\/span><\/h1>\n<p>[\/et_pb_text][\/et_pb_column][\/et_pb_row][\/et_pb_section][et_pb_section fb_built=&#8221;1&#8243; custom_padding_last_edited=&#8221;on|phone&#8221; _builder_version=&#8221;4.27.4&#8243; _module_preset=&#8221;default&#8221; max_width=&#8221;100%&#8221; custom_margin_tablet=&#8221;&#8221; custom_margin_phone=&#8221;||||false|false&#8221; custom_margin_last_edited=&#8221;on|phone&#8221; custom_padding_tablet=&#8221;&#8221; custom_padding_phone=&#8221;20px||20px||true|false&#8221; global_colors_info=&#8221;{}&#8221;][et_pb_row column_structure=&#8221;1_4,3_4&#8243; use_custom_gutter=&#8221;on&#8221; gutter_width=&#8221;2&#8243; make_equal=&#8221;on&#8221; custom_padding_last_edited=&#8221;on|phone&#8221; _builder_version=&#8221;4.27.4&#8243; _module_preset=&#8221;default&#8221; width=&#8221;90%&#8221; max_width=&#8221;100%&#8221; custom_margin=&#8221;||||true&#8221; custom_margin_tablet=&#8221;||||true&#8221; custom_margin_phone=&#8221;||||false|false&#8221; custom_margin_last_edited=&#8221;on|desktop&#8221; custom_padding=&#8221;||||true|false&#8221; custom_padding_tablet=&#8221;0px||0px||true|false&#8221; custom_padding_phone=&#8221;0px||0px||false|false&#8221; global_colors_info=&#8221;{}&#8221;][et_pb_column type=&#8221;1_4&#8243; _builder_version=&#8221;4.27.4&#8243; _module_preset=&#8221;default&#8221; global_colors_info=&#8221;{}&#8221;][et_pb_image src=&#8221;https:\/\/glenlochy.co\/wp-content\/uploads\/2025\/11\/erfvb.jpg&#8221; title_text=&#8221;erfvb&#8221; _builder_version=&#8221;4.27.4&#8243; _module_preset=&#8221;default&#8221; custom_padding_tablet=&#8221;&#8221; custom_padding_phone=&#8221;||||false|false&#8221; custom_padding_last_edited=&#8221;on|phone&#8221; global_colors_info=&#8221;{}&#8221;][\/et_pb_image][\/et_pb_column][et_pb_column type=&#8221;3_4&#8243; module_class=&#8221;center_text&#8221; _builder_version=&#8221;4.27.4&#8243; _module_preset=&#8221;default&#8221; custom_css_free_form=&#8221;.center_text {||  margin: auto;||}&#8221; global_colors_info=&#8221;{}&#8221;][et_pb_text _builder_version=&#8221;4.27.4&#8243; _module_preset=&#8221;default&#8221; text_line_height=&#8221;1.4em&#8221; custom_padding=&#8221;||||false|false&#8221; custom_padding_tablet=&#8221;25px||||false|false&#8221; custom_padding_phone=&#8221;20px||||false|false&#8221; custom_padding_last_edited=&#8221;on|phone&#8221; global_colors_info=&#8221;{}&#8221;]<\/p>\n<div class=\"row align-center\" id=\"row-870444217\">\n<div id=\"col-1518367976\" class=\"col medium-7 small-12 large-7\">\n<div class=\"col-inner\">\n<div id=\"text-1897481198\" class=\"text\">\n<div id=\"text-3623826235\" class=\"text\">\n<h6>Handwerkskunst<\/h6>\n<\/div>\n<div id=\"text-1847520999\" class=\"text\">\n<h1><span>Die Disziplin von Zeit und Eiche<\/span><\/h1>\n<p>Mit Whisky zu arbeiten bedeutet, mit Geduld zu arbeiten.<br data-start=\"321\" data-end=\"324\" \/>Gerste, mit Sorgfalt gem\u00e4lzt. Wasser, kalt aus schottischem Gestein gesch\u00f6pft. Hefe, lebendig in stiller Verwandlung.<br \/>Zweimal steigt der Geist in Kupferbrennblasen auf und ruht dann in Eiche. Was folgt, ist Stille \u2013 und die Disziplin der Zeit selbst.<\/p>\n<\/div>\n<\/div>\n<div id=\"text-1867059819\" class=\"text\" style=\"text-align: center;\"><\/div>\n<\/div>\n<\/div>\n<\/div>\n<p>[\/et_pb_text][\/et_pb_column][\/et_pb_row][et_pb_row column_structure=&#8221;3_4,1_4&#8243; use_custom_gutter=&#8221;on&#8221; gutter_width=&#8221;2&#8243; make_equal=&#8221;on&#8221; custom_padding_last_edited=&#8221;on|phone&#8221; _builder_version=&#8221;4.27.4&#8243; _module_preset=&#8221;default&#8221; width=&#8221;90%&#8221; max_width=&#8221;100%&#8221; custom_margin=&#8221;||||true&#8221; custom_margin_tablet=&#8221;||||true&#8221; custom_margin_phone=&#8221;||||false|false&#8221; custom_margin_last_edited=&#8221;on|phone&#8221; custom_padding=&#8221;||||true|false&#8221; custom_padding_tablet=&#8221;0px||0px||true|false&#8221; custom_padding_phone=&#8221;||0px||false|false&#8221; global_colors_info=&#8221;{}&#8221;][et_pb_column type=&#8221;3_4&#8243; module_class=&#8221;center_text&#8221; _builder_version=&#8221;4.27.4&#8243; _module_preset=&#8221;default&#8221; custom_css_free_form=&#8221;.center_text {||  margin: auto;||}&#8221; global_colors_info=&#8221;{}&#8221;][et_pb_text _builder_version=&#8221;4.27.4&#8243; _module_preset=&#8221;default&#8221; text_line_height=&#8221;1.4em&#8221; custom_padding=&#8221;30px||||false|false&#8221; global_colors_info=&#8221;{}&#8221;]<\/p>\n<div id=\"text-4141226722\" class=\"text\">\n<h6>Die Whiskyregionen Schottlands<\/h6>\n<div id=\"text-35225426\" class=\"text\">\n<h1><span style=\"display: inline-block; margin-bottom: 10px;\">Schottland spricht mit f\u00fcnf Stimmen<\/span><\/h1>\n<p><span class=\"font-semibold font-serif\">\u2022 Lowlands:<\/span> <span class=\"text-amber-200\/80\">weich, blumig, fein.<\/span><br \/>\n<span class=\"font-semibold font-serif\">\u2022 Islay:<\/span> <span class=\"text-amber-200\/80\">maritim, rauchig, intensiv.<\/span><br \/>\n<span class=\"font-semibold font-serif\">\u2022 Speyside:<\/span> <span class=\"text-amber-200\/80\">elegant, honigs\u00fc\u00df, reichhaltig.<\/span><br \/>\n\u2022 Campbeltown: salzig, selten, unverwechselbar.<br \/>\n\u2022 Highlands: weit, ungez\u00e4hmt, elementar.\n<\/div>\n<\/div>\n<div id=\"text-35225426\" class=\"text\">\n<h1><\/h1>\n<\/div>\n<p>[\/et_pb_text][\/et_pb_column][et_pb_column type=&#8221;1_4&#8243; _builder_version=&#8221;4.27.4&#8243; _module_preset=&#8221;default&#8221; global_colors_info=&#8221;{}&#8221;][et_pb_image src=&#8221;https:\/\/glenlochy.co\/wp-content\/uploads\/2025\/11\/ChatGPT-Image-Aug-24-2025-06_35_33-PM.png&#8221; title_text=&#8221;ChatGPT-Image-Aug-24-2025-06_35_33-PM&#8221; _builder_version=&#8221;4.27.4&#8243; _module_preset=&#8221;default&#8221; custom_padding_tablet=&#8221;&#8221; custom_padding_phone=&#8221;21px||||false|false&#8221; custom_padding_last_edited=&#8221;on|phone&#8221; global_colors_info=&#8221;{}&#8221;][\/et_pb_image][\/et_pb_column][\/et_pb_row][\/et_pb_section][et_pb_section fb_built=&#8221;1&#8243; _builder_version=&#8221;4.27.4&#8243; _module_preset=&#8221;default&#8221; use_background_color_gradient=&#8221;on&#8221; background_color_gradient_stops=&#8221;rgba(0,0,0,0.22) 0%|rgba(0,0,0,0.29) 99%&#8221; background_color_gradient_overlays_image=&#8221;on&#8221; background_image=&#8221;https:\/\/glenlochy.co\/wp-content\/uploads\/2025\/11\/breathtaking-landscape-shot-valley-with-river-flowing-mountains-scaled-1.jpg&#8221; max_width=&#8221;100%&#8221; custom_padding=&#8221;263px||263px|||&#8221; global_colors_info=&#8221;{}&#8221;][\/et_pb_section][et_pb_section fb_built=&#8221;1&#8243; _builder_version=&#8221;4.27.4&#8243; _module_preset=&#8221;default&#8221; max_width=&#8221;100%&#8221; global_colors_info=&#8221;{}&#8221;][et_pb_row use_custom_gutter=&#8221;on&#8221; gutter_width=&#8221;2&#8243; _builder_version=&#8221;4.27.4&#8243; _module_preset=&#8221;default&#8221; width=&#8221;90%&#8221; max_width=&#8221;100%&#8221; custom_padding=&#8221;0px||0px||true|false&#8221; global_colors_info=&#8221;{}&#8221;][et_pb_column type=&#8221;4_4&#8243; _builder_version=&#8221;4.27.4&#8243; _module_preset=&#8221;default&#8221; global_colors_info=&#8221;{}&#8221;][et_pb_text _builder_version=&#8221;4.27.4&#8243; _module_preset=&#8221;default&#8221; text_line_height=&#8221;1.4em&#8221; custom_padding=&#8221;||13px|||&#8221; global_colors_info=&#8221;{}&#8221; text_line_height_tablet=&#8221;1.4em&#8221; text_line_height_phone=&#8221;1.2em&#8221; text_line_height_last_edited=&#8221;on|phone&#8221; header_line_height=&#8221;1.4em&#8221;]<\/p>\n<div class=\"row row-large align-middle align-center\" id=\"row-1515020729\">\n<div id=\"col-1673925046\" class=\"col medium-10 small-12 large-10\">\n<div class=\"col-inner text-left\">\n<div id=\"text-2279586151\" class=\"text\">\n<div id=\"text-4011900063\" class=\"text\">\n<h6 style=\"text-align: center;\">Die Highlands als Gipfel<\/h6>\n<\/div>\n<div id=\"text-2589181894\" class=\"text\" style=\"text-align: center;\">\n<h1><span>Das Highland-Ma\u00df<\/span><\/h1>\n<\/div>\n<div class=\"row row-collapse row-full-width\" id=\"row-649961771\">\n<div id=\"col-1431228970\" class=\"col large-12\">\n<div class=\"col-inner\">\n<div id=\"text-1784421694\" class=\"text\" style=\"text-align: center;\">\n<p>Die Highlands verzeihen nicht. Granit, Nebel und Schnee formen mehr als nur das Land \u2013 sie formen Charakter. Ihre Whiskys sind gepr\u00e4gt von St\u00e4rke und Klarheit, weniger verg\u00e4nglich, daf\u00fcr best\u00e4ndiger.<\/p>\n<\/div>\n<div id=\"text-1215349300\" class=\"text\">\n<p style=\"text-align: center;\">Highland-Whisky zu trinken hei\u00dft, Best\u00e4ndigkeit zu schmecken: den Berg, die Stille, die Disziplin von Eiche und Zeit. Darum bleiben die Highlands der Gipfel des Scotch \u2013 gemessen nicht an F\u00fclle, sondern an Wahrheit und Seltenheit.<\/p>\n<\/div>\n<\/div>\n<\/div>\n<\/div>\n<\/div>\n<\/div>\n<\/div>\n<\/div>\n<p>[\/et_pb_text][\/et_pb_column][\/et_pb_row][\/et_pb_section]<\/p>\n","protected":false},"excerpt":{"rendered":"<p>Handwerkskunst Handwerkskunst Die Disziplin von Zeit und Eiche Mit Whisky zu arbeiten bedeutet, mit Geduld zu arbeiten.Gerste, mit Sorgfalt gem\u00e4lzt. Wasser, kalt aus schottischem Gestein gesch\u00f6pft. Hefe, lebendig in stiller Verwandlung.Zweimal steigt der Geist in Kupferbrennblasen auf und ruht dann in Eiche. Was folgt, ist Stille \u2013 und die Disziplin der Zeit selbst. Die Whiskyregionen [&hellip;]<\/p>\n","protected":false},"author":1,"featured_media":0,"parent":0,"menu_order":0,"comment_status":"closed","ping_status":"closed","template":"","meta":{"_et_pb_use_builder":"on","_et_pb_old_content":"","_et_gb_content_width":"","footnotes":""},"class_list":["post-389","page","type-page","status-publish","hentry"],"_links":{"self":[{"href":"https:\/\/glenlochy.co\/index.php?rest_route=\/wp\/v2\/pages\/389","targetHints":{"allow":["GET"]}}],"collection":[{"href":"https:\/\/glenlochy.co\/index.php?rest_route=\/wp\/v2\/pages"}],"about":[{"href":"https:\/\/glenlochy.co\/index.php?rest_route=\/wp\/v2\/types\/page"}],"author":[{"embeddable":true,"href":"https:\/\/glenlochy.co\/index.php?rest_route=\/wp\/v2\/users\/1"}],"replies":[{"embeddable":true,"href":"https:\/\/glenlochy.co\/index.php?rest_route=%2Fwp%2Fv2%2Fcomments&post=389"}],"version-history":[{"count":9,"href":"https:\/\/glenlochy.co\/index.php?rest_route=\/wp\/v2\/pages\/389\/revisions"}],"predecessor-version":[{"id":484,"href":"https:\/\/glenlochy.co\/index.php?rest_route=\/wp\/v2\/pages\/389\/revisions\/484"}],"wp:attachment":[{"href":"https:\/\/glenlochy.co\/index.php?rest_route=%2Fwp%2Fv2%2Fmedia&parent=389"}],"curies":[{"name":"wp","href":"https:\/\/api.w.org\/{rel}","templated":true}]}}