{"id":395,"date":"2025-11-07T13:47:38","date_gmt":"2025-11-07T13:47:38","guid":{"rendered":"https:\/\/glenlochy.co\/?page_id=395"},"modified":"2025-11-21T13:23:04","modified_gmt":"2025-11-21T13:23:04","slug":"sammler","status":"publish","type":"page","link":"https:\/\/glenlochy.co\/?page_id=395&lang=de","title":{"rendered":"Sammler"},"content":{"rendered":"<p>[et_pb_section fb_built=&#8221;1&#8243; custom_padding_last_edited=&#8221;on|tablet&#8221; _builder_version=&#8221;4.27.4&#8243; _module_preset=&#8221;default&#8221; background_enable_color=&#8221;off&#8221; background_image=&#8221;https:\/\/glenlochy.co\/wp-content\/uploads\/2025\/11\/ZURICH-1.svg&#8221; max_width=&#8221;100%&#8221; height_tablet=&#8221;&#8221; height_phone=&#8221;&#8221; height_last_edited=&#8221;on|phone&#8221; custom_padding=&#8221;19%||19%||true|false&#8221; custom_padding_tablet=&#8221;26%||||false|false&#8221; custom_padding_phone=&#8221;14%||14%||true|false&#8221; global_colors_info=&#8221;{}&#8221;][et_pb_row use_custom_gutter=&#8221;on&#8221; gutter_width=&#8221;2&#8243; _builder_version=&#8221;4.27.4&#8243; _module_preset=&#8221;default&#8221; width=&#8221;90%&#8221; max_width=&#8221;100%&#8221; global_colors_info=&#8221;{}&#8221;][et_pb_column type=&#8221;4_4&#8243; _builder_version=&#8221;4.27.4&#8243; _module_preset=&#8221;default&#8221; global_colors_info=&#8221;{}&#8221;][et_pb_text _builder_version=&#8221;4.27.4&#8243; _module_preset=&#8221;default&#8221; text_font_size=&#8221;28px&#8221; text_line_height=&#8221;1.4em&#8221; header_font_size=&#8221;90px&#8221; custom_padding=&#8221;|39%|||false|false&#8221; custom_padding_tablet=&#8221;|254px||||&#8221; custom_padding_phone=&#8221;|118px||0px|false|false&#8221; custom_padding_last_edited=&#8221;on|phone&#8221; text_font_size_tablet=&#8221;21px&#8221; text_font_size_phone=&#8221;14px&#8221; text_font_size_last_edited=&#8221;on|phone&#8221; header_font_size_tablet=&#8221;50px&#8221; header_font_size_phone=&#8221;31px&#8221; header_font_size_last_edited=&#8221;on|phone&#8221; global_colors_info=&#8221;{}&#8221; text_line_height_tablet=&#8221;1.4em&#8221; text_line_height_phone=&#8221;1.2em&#8221; text_line_height_last_edited=&#8221;on|phone&#8221; hover_enabled=&#8221;0&#8243; sticky_enabled=&#8221;0&#8243;]<\/p>\n<h1 style=\"text-align: center;\"><span style=\"color: #ffffff;\">Die Seltenheit der Transparenz<\/span><\/h1>\n<div id=\"text-1406781046\" class=\"text\" style=\"text-align: center;\">\n<p data-start=\"123\" data-end=\"462\"><span style=\"color: #ffffff;\">Unsere Einzelfassabf\u00fcllungen sind nummeriert, begrenzt und vollst\u00e4ndig offengelegt. Jede Flasche ist ein Ausdruck von Individualit\u00e4t \u2013 eine Wiederholung ist unm\u00f6glich. Wahrer Luxus ist einzigartig.<br \/><\/span><\/p>\n<\/div>\n<p>[\/et_pb_text][\/et_pb_column][\/et_pb_row][\/et_pb_section]<\/p>\n","protected":false},"excerpt":{"rendered":"<p>Die Seltenheit der Transparenz Unsere Einzelfassabf\u00fcllungen sind nummeriert, begrenzt und vollst\u00e4ndig offengelegt. Jede Flasche ist ein Ausdruck von Individualit\u00e4t \u2013 eine Wiederholung ist unm\u00f6glich. Wahrer Luxus ist einzigartig.<\/p>\n","protected":false},"author":1,"featured_media":0,"parent":0,"menu_order":0,"comment_status":"closed","ping_status":"closed","template":"","meta":{"_et_pb_use_builder":"on","_et_pb_old_content":"","_et_gb_content_width":"","footnotes":""},"class_list":["post-395","page","type-page","status-publish","hentry"],"_links":{"self":[{"href":"https:\/\/glenlochy.co\/index.php?rest_route=\/wp\/v2\/pages\/395","targetHints":{"allow":["GET"]}}],"collection":[{"href":"https:\/\/glenlochy.co\/index.php?rest_route=\/wp\/v2\/pages"}],"about":[{"href":"https:\/\/glenlochy.co\/index.php?rest_route=\/wp\/v2\/types\/page"}],"author":[{"embeddable":true,"href":"https:\/\/glenlochy.co\/index.php?rest_route=\/wp\/v2\/users\/1"}],"replies":[{"embeddable":true,"href":"https:\/\/glenlochy.co\/index.php?rest_route=%2Fwp%2Fv2%2Fcomments&post=395"}],"version-history":[{"count":8,"href":"https:\/\/glenlochy.co\/index.php?rest_route=\/wp\/v2\/pages\/395\/revisions"}],"predecessor-version":[{"id":485,"href":"https:\/\/glenlochy.co\/index.php?rest_route=\/wp\/v2\/pages\/395\/revisions\/485"}],"wp:attachment":[{"href":"https:\/\/glenlochy.co\/index.php?rest_route=%2Fwp%2Fv2%2Fmedia&parent=395"}],"curies":[{"name":"wp","href":"https:\/\/api.w.org\/{rel}","templated":true}]}}